{"id":53,"date":"2018-04-15T19:36:55","date_gmt":"2018-04-16T00:36:55","guid":{"rendered":"http:\/\/xochimilcasdisidentes.org.mx\/?page_id=53"},"modified":"2026-04-05T19:38:53","modified_gmt":"2026-04-06T01:38:53","slug":"reconstruccion-comunitaria-xochimilco","status":"publish","type":"page","link":"https:\/\/xochimilcasdisidentes.org.mx\/","title":{"rendered":"Xochimilcas Disidentes"},"content":{"rendered":"<div class=\"is-default-size wp-block-site-logo\"><a href=\"https:\/\/xochimilcasdisidentes.org.mx\/\" class=\"custom-logo-link\" rel=\"home\"><img loading=\"lazy\" decoding=\"async\" width=\"400\" height=\"402\" src=\"https:\/\/xochimilcasdisidentes.org.mx\/wp-content\/uploads\/2026\/04\/xochimilcas_2026_web.png\" class=\"custom-logo\" alt=\"Xochimilcas disidentes\" srcset=\"https:\/\/xochimilcasdisidentes.org.mx\/wp-content\/uploads\/2026\/04\/xochimilcas_2026_web.png 400w, https:\/\/xochimilcasdisidentes.org.mx\/wp-content\/uploads\/2026\/04\/xochimilcas_2026_web-150x150.png 150w, https:\/\/xochimilcasdisidentes.org.mx\/wp-content\/uploads\/2026\/04\/xochimilcas_2026_web-75x75.png 75w\" sizes=\"auto, (max-width: 400px) 100vw, 400px\" \/><\/a><\/div>\n\n<p class=\"wp-block-site-tagline\">Construimos colectivamente<\/p>\n\n<div class=\"wp-block-post-excerpt\"><p class=\"wp-block-post-excerpt__excerpt\">Somos mujeres Xochimilcas que contribuimos a la reconstrucci\u00f3n del tejido social desde el arte, educaci\u00f3n y la cultura, con especial \u00e9nfasis en los procesos socioafectivo <\/p><\/div>\n\n\n<figure class=\"wp-block-image\"><a href=\"http:\/\/xochimilcasdisidentes.org.mx\/?page_id=1270\" target=\"_blank\" rel=\"noopener\"><img decoding=\"async\" src=\"https:\/\/xochimilcasdisidentes.org.mx\/wp-content\/uploads\/2022\/08\/saberes.jpg\" alt=\"\"\/><\/a><figcaption class=\"wp-element-caption\">Mercadita<\/figcaption><\/figure>\n\n\n\n<figure class=\"wp-block-image\"><a href=\"https:\/\/www.facebook.com\/XochimilcasDisidentes\" target=\"_blank\" rel=\"noopener\"><img decoding=\"async\" src=\"https:\/\/xochimilcasdisidentes.org.mx\/wp-content\/uploads\/2024\/01\/comunicacio\u0301n-en-redes.jpg\" alt=\"\"\/><\/a><figcaption class=\"wp-element-caption\">Comunicaci\u00f3n en redes<\/figcaption><\/figure>\n\n\n\n<h2 class=\"wp-block-heading\">2017 &#8211; 2021<\/h2>\n\n\n\n<figure class=\"wp-block-image\"><a href=\"http:\/\/xochimilcasdisidentes.org.mx\/?page_id=1647\"><img decoding=\"async\" src=\"https:\/\/xochimilcasdisidentes.org.mx\/wp-content\/uploads\/2020\/08\/Semillas-05-web-1-768x590.jpg\" alt=\"\"\/><\/a><figcaption class=\"wp-element-caption\">Telar \/ Reconstrucci\u00f3n Comunitaria Xochimilco<\/figcaption><\/figure>\n\n\n\n<figure class=\"wp-block-image\"><a href=\"http:\/\/xochimilcasdisidentes.org.mx\/?page_id=313\" target=\"_blank\" rel=\"noopener\"><img decoding=\"async\" src=\"https:\/\/xochimilcasdisidentes.org.mx\/wp-content\/uploads\/2021\/07\/disen\u0303o-caravana-San-Luis-Mayo19_V2-01-1600x972-1.jpg\" alt=\"\"\/><\/a><figcaption class=\"wp-element-caption\">Caravana Cultural<\/figcaption><\/figure>\n\n\n\n<figure class=\"wp-block-image\"><a href=\"http:\/\/xochimilcasdisidentes.org.mx\/?page_id=805\" target=\"_blank\" rel=\"noopener\"><img decoding=\"async\" src=\"https:\/\/xochimilcasdisidentes.org.mx\/wp-content\/uploads\/2021\/07\/Caravana-de-sabores.jpg\" alt=\"\"\/><\/a><figcaption class=\"wp-element-caption\">Caravana de Sabores<\/figcaption><\/figure>\n\n\n\n<figure class=\"wp-block-image\"><a href=\"http:\/\/xochimilcasdisidentes.org.mx\/?page_id=254\" target=\"_blank\" rel=\"noopener\"><img decoding=\"async\" src=\"https:\/\/xochimilcasdisidentes.org.mx\/wp-content\/uploads\/2020\/08\/Apapachos\u00a9Minerva_Had_Trejo119.jpg\" alt=\"\"\/><\/a><figcaption class=\"wp-element-caption\">Caravana de Apapachos<\/figcaption><\/figure>\n\n\n\n<figure class=\"wp-block-image\"><a href=\"http:\/\/xochimilcasdisidentes.org.mx\/?page_id=126\"><img decoding=\"async\" src=\"https:\/\/xochimilcasdisidentes.org.mx\/wp-content\/uploads\/2021\/07\/Contencio\u0301n_Emocional-oct-19-Minerva_Hdz010-1.jpg\" alt=\"\"\/><\/a><figcaption class=\"wp-element-caption\">Contenci\u00f3n Emocional y Cuidado Colectivo<\/figcaption><\/figure>\n\n\n\n<figure class=\"wp-block-image\"><a href=\"http:\/\/xochimilcasdisidentes.org.mx\/?page_id=166\" target=\"_blank\" rel=\"noopener\"><img decoding=\"async\" src=\"https:\/\/xochimilcasdisidentes.org.mx\/wp-content\/uploads\/2021\/07\/Bordado-1.jpg\" alt=\"\"\/><\/a><figcaption class=\"wp-element-caption\">Fortalecimiento<\/figcaption><\/figure>\n\n\n\n<figure class=\"wp-block-image\"><img decoding=\"async\" src=\"https:\/\/xochimilcasdisidentes.org.mx\/wp-content\/uploads\/2020\/08\/REporte-Semillas18-19.png\" alt=\"\"\/><\/figure>\n\n\n\n<p><a href=\"https:\/\/xochimilcasdisidentes.org.mx\/wp-content\/uploads\/2020\/08\/Reporte-final-Semillas2020-1.pdf\" target=\"_blank\" rel=\"noopener\"><br>\n\t\t\t\t\t\t\t\t<\/a><\/p>\n\n\n\n<h1 class=\"wp-block-heading\">Reconstrucci\u00f3n Comunitaria Xochimilco<\/h1>\n\n\n\n<p>Tras el da\u00f1o ocasionado por el sismo del 19 de septiembre del 2017, un grupo de mujeres nos coordinamos para orientar el impulso de solidaridad hac\u00eda un trabajo articulado, colaborativo y de contenci\u00f3n a la poblaci\u00f3n infantil y juvenil de Xochimilco que lo necesitaba.<\/p>\n\n\n\n<figure class=\"wp-block-image\"><a href=\"https:\/\/xochimilcasdisidentes.org.mx\/wp-content\/uploads\/2020\/08\/Semillas-07.jpg\"><img decoding=\"async\" src=\"https:\/\/xochimilcasdisidentes.org.mx\/wp-content\/uploads\/2020\/08\/Semillas-07.jpg\" alt=\"\"\/><\/a><\/figure>\n\n\n\n<p><\/p>\n\n\n\n<p>Ang\u00e9lica S\u00e1nchez (psic\u00f3loga educativa), Ana G\u00f3mez (gestora-artista), Valeria Hern\u00e1ndez (psic\u00f3loga-comunitaria) y Minerva Hern\u00e1ndez (artista-curadora) conformamos un equipo de trabajo con 4 a\u00f1os de experiencia impulsando actividades inter y transdisciplinarias en Xochimilco para construir la autonom\u00eda de los pueblos y fortalecer la identidad de sus habitantes.<\/p>\n\n\n\n<figure class=\"wp-block-image\"><a href=\"https:\/\/xochimilcasdisidentes.org.mx\/wp-content\/uploads\/2020\/08\/Semillas-06-web-2.jpg\"><img decoding=\"async\" src=\"https:\/\/xochimilcasdisidentes.org.mx\/wp-content\/uploads\/2020\/08\/Semillas-06-web-2.jpg\" alt=\"\"\/><\/a><\/figure>\n\n\n\n<p><\/p>\n\n\n\n<p>Trabajamos directamente con las familias afectadas y apoyamos desde nuestros saberes particulares: la psicolog\u00eda, el arte, la ciencia, la educaci\u00f3n y el cuidado infantil. Articulamos las actividades culturales, de acopio, el apoyo con materiales o saber profesional para la construcci\u00f3n de viviendas temporales as\u00ed como el seguimiento legal y la atenci\u00f3n psicol\u00f3gica en los pueblos gracias a censos elaborados por vecin@s de Santa Cruz Acalpixca, San Gregorio Atlapulco, San Luis Tlaxialtemalco, Santa Mar\u00eda Nativitas y algunas zonas del centro de Xochimilco, quienes conocen su comunidad e identifican sus propias necesidades.<\/p>\n\n\n\n<p><a href=\"https:\/\/xochimilcasdisidentes.org.mx\/wp-content\/uploads\/2020\/08\/Semillas-04web-1.jpg\"><img loading=\"lazy\" decoding=\"async\" src=\"https:\/\/xochimilcasdisidentes.org.mx\/wp-content\/uploads\/2020\/08\/Semillas-04web-1.jpg\" alt=\"\" width=\"1655\" height=\"1271\"><\/a>En las caravanas culturales se realizaron din\u00e1micas de integraci\u00f3n con juegos y cantos que rescatan la riqueza cultural y tradici\u00f3n de los pueblos Xochimilcas, acciones de contenci\u00f3n emocional, laboratorio de ciencia, espacios de lectura y ludoteca, as\u00ed como juegos de actividad f\u00edsica.<\/p>\n\n\n\n<figure class=\"wp-block-image\"><a href=\"https:\/\/xochimilcasdisidentes.org.mx\/wp-content\/uploads\/2020\/08\/Semillas-05-web-1.jpg\"><img decoding=\"async\" src=\"https:\/\/xochimilcasdisidentes.org.mx\/wp-content\/uploads\/2020\/08\/Semillas-05-web-1.jpg\" alt=\"\"\/><\/a><\/figure>\n\n\n\n<p><\/p>\n\n\n\n<p>A partir de nuestra experiencia en los pueblos decidimos transformar las caravanas culturales en un proyecto permanente para crear espacios para la convivencia, el juego y el aprendizaje. Realizaremos actividades culturales cada tres meses en los pueblos de Xochimilco para continuar fortaleci\u00e9ndonos como comunidad.<\/p>\n\n\n\n<p>Dicho esfuerzo implica a diversos colectivos y personas voluntarias, como: la Coordinaci\u00f3n de Pueblos, Barrios Originarios y Colonias de Xochimilco, Biosc\u00e9nica, Xochiquitines, \u00bfCri-Cre\u00e9s que pasa? Uni\u00f3n Comunitaria por el Pueblo de Tepepan, An Meztli, Mar\u00eda Valeria, Ana Gonzalez Perez, Vaj Rei, Ix Chel, Ana, Brenda, Kissy, Paula, Andrea, Mar\u00eda y Vicky&#8230;.<\/p>\n\n\n\n<p>Para mayor informaci\u00f3n:&nbsp; <a href=\"https:\/\/www.facebook.com\/RCXochimilco\/\">https:\/\/www.facebook.com\/RCXochimilco\/<\/a><\/p>\n\n\n\n<h2 class=\"wp-block-heading\">Acompa\u00f1amiento emocional y cuidado colectivo\u200b<\/h2>\n\n\n\n<blockquote class=\"wp-block-quote is-layout-flow wp-block-quote-is-layout-flow\">\n<p class=\"has-text-align-right\">La solidaridad de diversxs profesionales fortalece la reconstrucci\u00f3n de nuestros pueblos.<\/p>\n<\/blockquote>\n\n\n\n<p>Este 16 de marzo realizamos un Taller de escucha y acompa\u00f1amiento resiliente en San Luis Tlaxialtemalco; pueblo seriamente afectado por el sismo del pasado 19 de septiembre.<\/p>\n\n\n\n<p>Esta experiencia reitera que nuestra disciplina es un recurso invaluable ante la pesadez que implica el impacto del sismo ya que el trabajo realizado ayud\u00f3 formar un espacio de escucha en el que las personas identificaron tanto recursos personales como redes de apoyo para fortalecerse y seguir adelante con la reconstrucci\u00f3n de su pueblo.<\/p>\n\n\n\n<p>Nos llena de gusto compartir que seguiremos apoyando a los dem\u00e1s pueblos con este taller e invitamos a las instituciones y profesionales a sumarse para acompa\u00f1ar a las comunidades que todav\u00eda nos necesitan.<\/p>\n\n\n\n<p>Agradecemos la participaci\u00f3n de psic\u00f3logas, integrantes del colectivo <a href=\"https:\/\/www.facebook.com\/hashtag\/copsy?source=feed_text\" type=\"\" data-ft=\"{\">#COPSY<\/a>, que este viernes 16 impartieron un taller para atender el impacto emocional del sismo en la poblaci\u00f3n de San Luis Tlaxialtemalco.<\/p>\n\n\n\n<p>Debido al inter\u00e9s de las personas, las psic\u00f3logas han decidido realizar este taller en otros pueblos afectados por el sismo.<\/p>\n\n\n\n<p>Si deseas participar te invitamos a permanecer atentx para conocer las siguientes fechas y lugares donde se realizar\u00e1.<\/p>\n\n\n\n<p>http:\/\/xochimilcasdisidentes.org.mx\/contencion-emocional\/<\/p>\n\n\n\n<figure class=\"wp-block-image\"><img decoding=\"async\" src=\"https:\/\/xochimilcasdisidentes.org.mx\/wp-content\/uploads\/2020\/08\/Copsy-tarjeta-300x168.jpg\" alt=\"\"\/><\/figure>\n\n\n\n<p><\/p>\n\n\n\n<p><a id=\"u_jsonp_5_c\" href=\"mailto:copsy_o@hotmail.com?__xts__=\">copsy_o@hotmail.com<\/a><\/p>\n\n\n\n<h1 class=\"wp-block-heading\">Floreciendo Tepepan<\/h1>\n\n\n\n<blockquote class=\"wp-block-quote is-layout-flow wp-block-quote-is-layout-flow\">\n<p class=\"has-text-align-right\">acciones para cuidar y cambiar la vida<\/p>\n<\/blockquote>\n\n\n\n<figure class=\"wp-block-image\"><img decoding=\"async\" src=\"https:\/\/xochimilcasdisidentes.org.mx\/wp-content\/uploads\/2020\/08\/floreciendo-postal-portada.jpg\" alt=\"\"\/><\/figure>\n\n\n\n<figure class=\"wp-block-image\"><img decoding=\"async\" src=\"https:\/\/xochimilcasdisidentes.org.mx\/wp-content\/uploads\/2020\/08\/Semillas-13-web.jpg\" alt=\"\"\/><\/figure>\n\n\n\n<p><br>\n<\/p>\n\n\n\n<p>Proyecto de agricultura urbana, que por medio de talleres semanales en el Pueblo de Santa Mar\u00eda Tepepan, promueve el respeto a la tierra, el sentido de comunidad entre la poblaci\u00f3n, fortalece la participaci\u00f3n activa de habitantes y revive la memoria colectiva.<\/p>\n\n\n\n<p>El proyecto Floreciendo Tepepan es una iniciativa que surge de la Uni\u00f3n Comunitaria por el pueblo de Tepepan (organizaci\u00f3n creada a ra\u00edz de la oposici\u00f3n a la construcci\u00f3n de la plaza comercial Terrazas Arenal) con el objetivo de reivindicar una relaci\u00f3n cercana con el respeto a la Tierra, que no s\u00f3lo representa un espacio f\u00edsico sino el origen de la vida y la \u201ccasa de todos(as)\u201d, en la que se podemos encontrar los elementos necesarios para vivir.<\/p>\n\n\n\n<p>El proyecto es en esencia comunitario y promueve la construcci\u00f3n de huertos org\u00e1nicos a trav\u00e9s de la creaci\u00f3n de espacios en los que podamos compartir nuestros saberes con otros(as), aprender a organizar y planificar, trabajar nuestra memoria colectiva como pueblo agricultor y fomentar una convivencia y relaci\u00f3n respetuosa con la tierra y las personas. Al mismo tiempo que embellecemos nuestro entorno, creamos \u00e1reas verdes productivas y recuperamos espacios.<\/p>\n\n\n\n<p>Floreciendo Tepepan se compone de dos etapas de trabajo:<\/p>\n\n\n\n<p>1era etapa \u2013 Implica la formaci\u00f3n para desarrollar conocimientos, habilidades y aptitudes para construir huertos urbanos.<\/p>\n\n\n\n<p>2da etapa \u2013 Construcci\u00f3n de diversos proyectos de huertos de acuerdo a las habilidades e intereses surgidos en la etapa anterior (en espacios escolares, en espacios p\u00fablicos, en los hogares, etc.)<\/p>\n\n\n\n<figure class=\"wp-block-embed\"><div class=\"wp-block-embed__wrapper\">\nhttps:\/\/www.facebook.com\/pg\/FloreciendoTepepan\n<\/div><\/figure>\n\n\n\n<figure class=\"wp-block-image\"><img decoding=\"async\" src=\"https:\/\/xochimilcasdisidentes.org.mx\/wp-content\/uploads\/2020\/08\/union.jpg\" alt=\"\"\/><\/figure>\n\n\n\n<figure class=\"wp-block-image\"><img decoding=\"async\" src=\"https:\/\/xochimilcasdisidentes.org.mx\/wp-content\/uploads\/2020\/08\/floreciendo-logo.png\" alt=\"\"\/><\/figure>\n\n\n\n<p><br>\n<\/p>\n\n\n\n<h1 class=\"wp-block-heading\">Organizaci\u00f3n comunitaria<\/h1>\n\n\n\n<blockquote class=\"wp-block-quote is-layout-flow wp-block-quote-is-layout-flow\">\n<p class=\"has-text-align-right\">Uni\u00f3n Comunitaria por el Pueblo de Tepepan<\/p>\n<\/blockquote>\n\n\n\n<figure class=\"wp-block-image\"><img decoding=\"async\" src=\"https:\/\/xochimilcasdisidentes.org.mx\/wp-content\/uploads\/2020\/08\/Semillas-11-1655x1200-1.jpg\" alt=\"\"\/><\/figure>\n\n\n\n<p><\/p>\n\n\n\n<p>Origen y evoluci\u00f3n de la Uni\u00f3n Comunitaria por el Pueblo de Tepepan<\/p>\n\n\n\n<p><strong>&nbsp;<\/strong>En la Uni\u00f3n Comunitaria por el Pueblo de Tepepan colaboramos vecinxs con el inter\u00e9s com\u00fan de mejorar y defender las condiciones de vida del pueblo. Somos un grupo vecinal apartidista.<\/p>\n\n\n\n<p>Este <strong>inter\u00e9s comunitario se ha venido gestando desde el a\u00f1o 2008<\/strong> con la imposici\u00f3n de las grandes construcciones Londonberry School y la comunidad CEMAC Montessori. Desde entonces los vecinxs nos unimos para no permitir construcciones ilegales.<\/p>\n\n\n\n<p>Los vecinxs que viven en la calle Arenal organizaron asambleas informativas y acciones para se\u00f1alar los inconvenientes que acarrear\u00eda la construcci\u00f3n de la plaza comercial Terrazas Arenal. La <strong>preocupaci\u00f3n<\/strong> <strong>por el<\/strong> <strong>impacto en nuestra forma de vida<\/strong> y la facilidad con la que <strong>se inici\u00f3 la construcci\u00f3n ilegal <\/strong>nos <strong>llev\u00f3 a unir<\/strong> nuestros <strong>esfuerzos y saberes para conservar <\/strong>las <strong>condiciones de vida en el pueblo<\/strong> en cuestiones de vialidad, acciones ecol\u00f3gicas, abastecimiento y cuidado del agua, as\u00ed como la defensa de nuestros derechos como pueblo originario. De ah\u00ed surge la conformaci\u00f3n vecinal y apartidista UCPT en <strong>julio del a\u00f1o 2015<\/strong>.<\/p>\n\n\n\n<p>Nos une la confianza y el amor por este pueblo originario; su tranquilidad, origen y naturaleza son nuestra motivaci\u00f3n para sumar los esfuerzos, recuperar y mantener su historia, sus tradiciones, su vida comunitaria y atender los retos y oportunidades que implica ser el pueblo de entrada a Xochimilco Patrimonio de la Humanidad.<\/p>\n\n\n\n<p>Para fortalecer la informaci\u00f3n con la que contamos y nuestros saberes para luchar, hemos aceptado colaborar con instituciones como la UNAM, la UACM y la Universidad Iberoamericana, as\u00ed como con organizaciones civiles y especialistas en diferentes \u00e1mbitos y \u00e1reas de especializaci\u00f3n.<\/p>\n\n\n\n<p>Desde sus inicios, la UCPT comprendi\u00f3 que la lucha y defensa del territorio ante el embate inmobiliario y desarrollista de la Ciudad de M\u00e9xico ser\u00eda un reto tit\u00e1nico, una raz\u00f3n que es compatible con la lucha de otros pueblos y por ese motivo, en <strong>agosto del a\u00f1o 2015<\/strong>, nos sumamos a los trabajos de la <em>Coordinaci\u00f3n de Pueblos<\/em>,<em> Barrios Originarios y Colonias de Xochimilco<\/em>, y el <em>Frente Aut\u00f3nomo de Xochimilco<\/em>.<\/p>\n\n\n\n<figure class=\"wp-block-embed\"><div class=\"wp-block-embed__wrapper\">\nhttps:\/\/www.facebook.com\/pg\/unioncomunitariaporelpueblodetepepan\n<\/div><\/figure>\n\n\n\n<figure class=\"wp-block-image\"><img decoding=\"async\" src=\"https:\/\/xochimilcasdisidentes.org.mx\/wp-content\/uploads\/2020\/08\/Semillas-10-web.jpg\" alt=\"\"\/><\/figure>\n\n\n\n<p><\/p>\n","protected":false},"excerpt":{"rendered":"<p>Somos mujeres Xochimilcas que contribuimos a la reconstrucci\u00f3n del tejido social desde el arte, educaci\u00f3n y la cultura, con especial \u00e9nfasis en los procesos <strong>socioafectivo<\/strong><\/p>\n","protected":false},"author":1,"featured_media":0,"parent":0,"menu_order":0,"comment_status":"closed","ping_status":"closed","template":"","meta":{"footnotes":""},"class_list":["post-53","page","type-page","status-publish","hentry","latest_post"],"_links":{"self":[{"href":"https:\/\/xochimilcasdisidentes.org.mx\/index.php?rest_route=\/wp\/v2\/pages\/53","targetHints":{"allow":["GET"]}}],"collection":[{"href":"https:\/\/xochimilcasdisidentes.org.mx\/index.php?rest_route=\/wp\/v2\/pages"}],"about":[{"href":"https:\/\/xochimilcasdisidentes.org.mx\/index.php?rest_route=\/wp\/v2\/types\/page"}],"author":[{"embeddable":true,"href":"https:\/\/xochimilcasdisidentes.org.mx\/index.php?rest_route=\/wp\/v2\/users\/1"}],"replies":[{"embeddable":true,"href":"https:\/\/xochimilcasdisidentes.org.mx\/index.php?rest_route=%2Fwp%2Fv2%2Fcomments&post=53"}],"version-history":[{"count":243,"href":"https:\/\/xochimilcasdisidentes.org.mx\/index.php?rest_route=\/wp\/v2\/pages\/53\/revisions"}],"predecessor-version":[{"id":1983,"href":"https:\/\/xochimilcasdisidentes.org.mx\/index.php?rest_route=\/wp\/v2\/pages\/53\/revisions\/1983"}],"wp:attachment":[{"href":"https:\/\/xochimilcasdisidentes.org.mx\/index.php?rest_route=%2Fwp%2Fv2%2Fmedia&parent=53"}],"curies":[{"name":"wp","href":"https:\/\/api.w.org\/{rel}","templated":true}]}}