{"id":19,"date":"2018-04-15T10:19:32","date_gmt":"2018-04-15T15:19:32","guid":{"rendered":"http:\/\/xochimilcasdisidentes.org.mx\/?page_id=19"},"modified":"2026-04-03T23:25:23","modified_gmt":"2026-04-04T05:25:23","slug":"nosotras","status":"publish","type":"page","link":"https:\/\/xochimilcasdisidentes.org.mx\/?page_id=19","title":{"rendered":"Nosotras"},"content":{"rendered":"\t\t<div data-elementor-type=\"wp-page\" data-elementor-id=\"19\" class=\"elementor elementor-19\">\n\t\t\t\t\t\t<section class=\"elementor-section elementor-top-section elementor-element elementor-element-3d44c448 elementor-section-boxed elementor-section-height-default elementor-section-height-default\" data-id=\"3d44c448\" data-element_type=\"section\" data-e-type=\"section\">\n\t\t\t\t\t\t<div class=\"elementor-container elementor-column-gap-default\">\n\t\t\t\t\t<div class=\"elementor-column elementor-col-100 elementor-top-column elementor-element elementor-element-26df0b66\" data-id=\"26df0b66\" data-element_type=\"column\" data-e-type=\"column\">\n\t\t\t<div class=\"elementor-widget-wrap elementor-element-populated\">\n\t\t\t\t\t\t<div class=\"elementor-element elementor-element-a1697a6 elementor-widget__width-inherit elementor-widget elementor-widget-text-editor\" data-id=\"a1697a6\" data-element_type=\"widget\" data-e-type=\"widget\" data-widget_type=\"text-editor.default\">\n\t\t\t\t<div class=\"elementor-widget-container\">\n\t\t\t\t\t\t\t\t\t<blockquote>\n<p style=\"text-align: right;\">&#8220;Que todas las mujeres siembren en su coraz\u00f3n la necesidad de organizarse&#8221;<\/p>\n<p style=\"text-align: right;\">Comandanta Ramona. De las mujeres que paren nuevos mundos<\/p>\n<\/blockquote>\t\t\t\t\t\t\t\t<\/div>\n\t\t\t\t<\/div>\n\t\t\t\t<div class=\"elementor-element elementor-element-20b1d2d elementor-widget elementor-widget-image\" data-id=\"20b1d2d\" data-element_type=\"widget\" data-e-type=\"widget\" data-widget_type=\"image.default\">\n\t\t\t\t<div class=\"elementor-widget-container\">\n\t\t\t\t\t\t\t\t\t\t\t\t\t\t\t<img fetchpriority=\"high\" decoding=\"async\" width=\"960\" height=\"720\" src=\"https:\/\/xochimilcasdisidentes.org.mx\/wp-content\/uploads\/2026\/04\/XochimilcasDisidentes2026-1024x768.png\" class=\"attachment-large size-large wp-image-1937\" alt=\"\" srcset=\"https:\/\/xochimilcasdisidentes.org.mx\/wp-content\/uploads\/2026\/04\/XochimilcasDisidentes2026-1024x768.png 1024w, https:\/\/xochimilcasdisidentes.org.mx\/wp-content\/uploads\/2026\/04\/XochimilcasDisidentes2026-300x225.png 300w, https:\/\/xochimilcasdisidentes.org.mx\/wp-content\/uploads\/2026\/04\/XochimilcasDisidentes2026-768x576.png 768w, https:\/\/xochimilcasdisidentes.org.mx\/wp-content\/uploads\/2026\/04\/XochimilcasDisidentes2026-1536x1152.png 1536w, https:\/\/xochimilcasdisidentes.org.mx\/wp-content\/uploads\/2026\/04\/XochimilcasDisidentes2026-1140x855.png 1140w, https:\/\/xochimilcasdisidentes.org.mx\/wp-content\/uploads\/2026\/04\/XochimilcasDisidentes2026.png 1600w\" sizes=\"(max-width: 960px) 100vw, 960px\" \/>\t\t\t\t\t\t\t\t\t\t\t\t\t\t\t<\/div>\n\t\t\t\t<\/div>\n\t\t\t\t<div class=\"elementor-element elementor-element-792849aa elementor-widget elementor-widget-text-editor\" data-id=\"792849aa\" data-element_type=\"widget\" data-e-type=\"widget\" data-widget_type=\"text-editor.default\">\n\t\t\t\t<div class=\"elementor-widget-container\">\n\t\t\t\t\t\t\t\t\t<p>Nos gusta pensar que brotamos como las flores en la chinampa, despu\u00e9s de un arduo trabajo y con el riego constante de aprendizajes en colectividad, para hacer frente a los problemas que vivimos en nuestros pueblos.<\/p>\n<p>Fue as\u00ed que el 13 de abril 2016, entre caminos de agua y monta\u00f1as, nacimos como la colectiva<span style=\"color: #8308ff;\"> <strong>Xochimilcas Disidentes<\/strong><\/span>. Las semillas que geminamos este sue\u00f1o colectivo fuimos Ang\u00e9lica S\u00e1nchez (psic\u00f3loga educativa), Ana Gonz\u00e1lez (gestora cultural-artista), Valeria Hern\u00e1ndez (psic\u00f3loga social comunitaria) y Minerva H. Trejo (artista-productora). Los vientos de cambio dieron lugar a nuevos rumbos para Valeria hacia otras tierras f\u00e9rtiles y la llegada de Carla Palacios Morales (artista y tallerista).<\/p>\n<p>Hemos formado parte de diferentes organizaciones comunitarias en el sur-oriente de la ciudad de M\u00e9xico, nacidas\u00a0 de la resistencia ante el despojo del territorio, la delincuencia, la fragmentaci\u00f3n del tejido social, las problem\u00e1ticas ambientales y otras heridas comunitarias. Actualmente seguimos construyendo redes de colaboraci\u00f3n con otras mentes y corazones con los cuales coincidimos en ideales y principios de colaboraci\u00f3n.<\/p>\n<p>Creemos en la construcci\u00f3n colectiva, cooperativa, solidaria y respetuosa que nos permite crear un <strong><span style=\"color: #8308ff;\">telar de colaboraciones<\/span><\/strong>. En la reconstrucci\u00f3n del tejido social a partir de la <span style=\"color: #8308ff;\"><strong>creatividad y los afectos<\/strong><\/span>, pues han constituido nuestras mejores herramientas para encontrar soluciones a los problemas que enfrentamos como pueblos y organizaciones.<\/p>\n<p>Proponemos crear espacios para reconstruir a trav\u00e9s de la reflexi\u00f3n-acci\u00f3n permanente y de los afectos compartidos.<\/p>\n<p>Proponemos aprender a escucharnos para saber \u00bfC\u00f3mo entendemos un problema?, \u00bfC\u00f3mo lo sentimos?, \u00bfD\u00f3nde lo sentimos? Pues esto nos ayuda a cuestionar determinadas pr\u00e1cticas de la organizaci\u00f3n y a generar caminos de <span style=\"color: #8308ff;\"><strong>buen trato<\/strong><\/span>.<\/p>\n<p>Defendemos, sumamos y compartimos los espacios que hemos creado para el <span style=\"color: #8308ff;\"><strong>autocuidado y el cuidado colectivo. <\/strong><\/span>Seguimos en el aprendizaje infinito.<\/p>\n<p>Ofrecemos nuestra experiencia, saberes y afectos desarrollados en estos a\u00f1os de creaci\u00f3n conjunta y multidisciplinaria; nuestros caminos andados y <span style=\"color: #8308ff;\"><strong>experiencias de vida<\/strong><\/span>, pues son semillas que nos han ense\u00f1ado a florecer respetando los tiempos de todas, a entender cu\u00e1ndo estar, c\u00f3mo estar y qu\u00e9 aportar.<\/p>\n<p><a href=\"https:\/\/xochimilcasdisidentes.org.mx\/wp-content\/uploads\/2021\/07\/manos-multiples-01.png\"><img decoding=\"async\" class=\"alignnone wp-image-494 size-full\" src=\"https:\/\/xochimilcasdisidentes.org.mx\/wp-content\/uploads\/2021\/07\/manos-multiples-01.png\" alt=\"\" width=\"3404\" height=\"142\" srcset=\"https:\/\/xochimilcasdisidentes.org.mx\/wp-content\/uploads\/2021\/07\/manos-multiples-01.png 3404w, https:\/\/xochimilcasdisidentes.org.mx\/wp-content\/uploads\/2021\/07\/manos-multiples-01-300x13.png 300w, https:\/\/xochimilcasdisidentes.org.mx\/wp-content\/uploads\/2021\/07\/manos-multiples-01-1024x43.png 1024w, https:\/\/xochimilcasdisidentes.org.mx\/wp-content\/uploads\/2021\/07\/manos-multiples-01-768x32.png 768w, https:\/\/xochimilcasdisidentes.org.mx\/wp-content\/uploads\/2021\/07\/manos-multiples-01-1536x64.png 1536w, https:\/\/xochimilcasdisidentes.org.mx\/wp-content\/uploads\/2021\/07\/manos-multiples-01-2048x85.png 2048w\" sizes=\"(max-width: 3404px) 100vw, 3404px\" \/><\/a><\/p>\n<p><\/p>\n<figure class=\"wp-block-embed is-type-video is-provider-youtube wp-block-embed-youtube wp-embed-aspect-16-9 wp-has-aspect-ratio\">\n<div class=\"wp-block-embed__wrapper\">\u00a0<\/div>\n<\/figure>\n<p><\/p>\n<div>\u00a0<\/div>\n<div>\u00a0<\/div>\t\t\t\t\t\t\t\t<\/div>\n\t\t\t\t<\/div>\n\t\t\t\t\t<\/div>\n\t\t<\/div>\n\t\t\t\t\t<\/div>\n\t\t<\/section>\n\t\t\t\t<\/div>\n\t\t","protected":false},"excerpt":{"rendered":"<p>&#8220;Que todas las mujeres siembren en su coraz\u00f3n la necesidad de organizarse&#8221; Comandanta Ramona. De las mujeres que paren nuevos mundos Nos gusta pensar que brotamos como las flores en la chinampa, despu\u00e9s de un arduo trabajo y con el riego constante de aprendizajes en colectividad, para hacer frente a los problemas que vivimos en nuestros pueblos. Fue as\u00ed que el 13 de abril 2016, entre caminos de agua y monta\u00f1as, nacimos como la colectiva Xochimilcas Disidentes. Las semillas que geminamos este sue\u00f1o colectivo fuimos Ang\u00e9lica S\u00e1nchez (psic\u00f3loga educativa), Ana Gonz\u00e1lez (gestora cultural-artista), Valeria Hern\u00e1ndez (psic\u00f3loga social comunitaria) y Minerva H. Trejo (artista-productora). Los vientos de cambio dieron lugar a nuevos rumbos para Valeria hacia otras tierras f\u00e9rtiles y la llegada de Carla Palacios Morales (artista y tallerista). Hemos formado parte de diferentes organizaciones comunitarias en el sur-oriente de la ciudad de M\u00e9xico, nacidas\u00a0 de la resistencia ante el despojo del territorio, la delincuencia, la fragmentaci\u00f3n del tejido social, las problem\u00e1ticas ambientales y otras heridas comunitarias. Actualmente seguimos construyendo redes de colaboraci\u00f3n con otras mentes y corazones con los cuales coincidimos en ideales y principios de colaboraci\u00f3n. Creemos en la construcci\u00f3n colectiva, cooperativa, solidaria y respetuosa que nos permite crear un telar de colaboraciones. En la reconstrucci\u00f3n del tejido social a partir de la creatividad y los afectos, pues han constituido nuestras mejores herramientas para encontrar soluciones a los problemas que enfrentamos como pueblos y organizaciones. Proponemos crear espacios para reconstruir a trav\u00e9s de la reflexi\u00f3n-acci\u00f3n permanente y de los afectos compartidos. Proponemos aprender a escucharnos para saber \u00bfC\u00f3mo entendemos un problema?, \u00bfC\u00f3mo lo sentimos?, \u00bfD\u00f3nde lo sentimos? Pues esto nos ayuda a cuestionar determinadas pr\u00e1cticas de la organizaci\u00f3n y a generar caminos de buen trato. Defendemos, sumamos y compartimos los espacios que hemos creado para el autocuidado y el cuidado colectivo. Seguimos en el aprendizaje infinito. Ofrecemos nuestra experiencia, saberes y afectos desarrollados en estos a\u00f1os de creaci\u00f3n conjunta y multidisciplinaria; nuestros caminos andados y experiencias de vida, pues son semillas que nos han ense\u00f1ado a florecer respetando los tiempos de todas, a entender cu\u00e1ndo estar, c\u00f3mo estar y qu\u00e9 aportar. \u00a0 \u00a0<\/p>\n","protected":false},"author":1,"featured_media":0,"parent":0,"menu_order":0,"comment_status":"closed","ping_status":"closed","template":"","meta":{"footnotes":""},"class_list":["post-19","page","type-page","status-publish","hentry"],"_links":{"self":[{"href":"https:\/\/xochimilcasdisidentes.org.mx\/index.php?rest_route=\/wp\/v2\/pages\/19","targetHints":{"allow":["GET"]}}],"collection":[{"href":"https:\/\/xochimilcasdisidentes.org.mx\/index.php?rest_route=\/wp\/v2\/pages"}],"about":[{"href":"https:\/\/xochimilcasdisidentes.org.mx\/index.php?rest_route=\/wp\/v2\/types\/page"}],"author":[{"embeddable":true,"href":"https:\/\/xochimilcasdisidentes.org.mx\/index.php?rest_route=\/wp\/v2\/users\/1"}],"replies":[{"embeddable":true,"href":"https:\/\/xochimilcasdisidentes.org.mx\/index.php?rest_route=%2Fwp%2Fv2%2Fcomments&post=19"}],"version-history":[{"count":65,"href":"https:\/\/xochimilcasdisidentes.org.mx\/index.php?rest_route=\/wp\/v2\/pages\/19\/revisions"}],"predecessor-version":[{"id":1940,"href":"https:\/\/xochimilcasdisidentes.org.mx\/index.php?rest_route=\/wp\/v2\/pages\/19\/revisions\/1940"}],"wp:attachment":[{"href":"https:\/\/xochimilcasdisidentes.org.mx\/index.php?rest_route=%2Fwp%2Fv2%2Fmedia&parent=19"}],"curies":[{"name":"wp","href":"https:\/\/api.w.org\/{rel}","templated":true}]}}