{"id":1647,"date":"2024-01-30T21:18:19","date_gmt":"2024-01-31T03:18:19","guid":{"rendered":"http:\/\/xochimilcasdisidentes.org.mx\/?page_id=1647"},"modified":"2024-01-30T21:20:10","modified_gmt":"2024-01-31T03:20:10","slug":"telar-reconstruccion-comunitaria-xochimilco","status":"publish","type":"page","link":"https:\/\/xochimilcasdisidentes.org.mx\/?page_id=1647","title":{"rendered":"Telar \/ Reconstrucci\u00f3n comunitaria Xochimilco"},"content":{"rendered":"\n<h1 class=\"wp-block-heading\"><\/h1>\n\n\n\n<p>Tras el da\u00f1o ocasionado por el sismo del 19 de septiembre del 2017, un grupo de mujeres nos coordinamos para orientar el impulso de solidaridad hac\u00eda un trabajo articulado, colaborativo y de contenci\u00f3n a la poblaci\u00f3n infantil y juvenil de Xochimilco que lo necesitaba.<\/p>\n\n\n\n<figure class=\"wp-block-image\"><a href=\"https:\/\/xochimilcasdisidentes.org.mx\/wp-content\/uploads\/2020\/08\/Semillas-07.jpg\"><img decoding=\"async\" src=\"https:\/\/xochimilcasdisidentes.org.mx\/wp-content\/uploads\/2020\/08\/Semillas-07.jpg\" alt=\"\" class=\"wp-image-395\"\/><\/a><\/figure>\n\n\n\n<p>Ang\u00e9lica S\u00e1nchez (psic\u00f3loga educativa), Ana G\u00f3mez (gestora-artista), Valeria Hern\u00e1ndez (psic\u00f3loga-comunitaria) y Minerva Hern\u00e1ndez (artista-curadora) conformamos un equipo de trabajo con 4 a\u00f1os de experiencia impulsando actividades inter y transdisciplinarias en Xochimilco para construir la autonom\u00eda de los pueblos y fortalecer la identidad de sus habitantes.<\/p>\n\n\n\n<figure class=\"wp-block-image\"><a href=\"https:\/\/xochimilcasdisidentes.org.mx\/wp-content\/uploads\/2020\/08\/Semillas-06-web-2.jpg\"><img fetchpriority=\"high\" decoding=\"async\" width=\"1654\" height=\"1200\" src=\"https:\/\/xochimilcasdisidentes.org.mx\/wp-content\/uploads\/2020\/08\/Semillas-06-web-2.jpg\" alt=\"\" class=\"wp-image-410\" srcset=\"https:\/\/xochimilcasdisidentes.org.mx\/wp-content\/uploads\/2020\/08\/Semillas-06-web-2.jpg 1654w, https:\/\/xochimilcasdisidentes.org.mx\/wp-content\/uploads\/2020\/08\/Semillas-06-web-2-300x218.jpg 300w, https:\/\/xochimilcasdisidentes.org.mx\/wp-content\/uploads\/2020\/08\/Semillas-06-web-2-1024x743.jpg 1024w, https:\/\/xochimilcasdisidentes.org.mx\/wp-content\/uploads\/2020\/08\/Semillas-06-web-2-768x557.jpg 768w, https:\/\/xochimilcasdisidentes.org.mx\/wp-content\/uploads\/2020\/08\/Semillas-06-web-2-1536x1114.jpg 1536w\" sizes=\"(max-width: 1654px) 100vw, 1654px\" \/><\/a><\/figure>\n\n\n\n<p>Trabajamos directamente con las familias afectadas y apoyamos desde nuestros saberes particulares: la psicolog\u00eda, el arte, la ciencia, la educaci\u00f3n y el cuidado infantil. Articulamos las actividades culturales, de acopio, el apoyo con materiales o saber profesional para la construcci\u00f3n de viviendas temporales as\u00ed como el seguimiento legal y la atenci\u00f3n psicol\u00f3gica en los pueblos gracias a censos elaborados por vecin@s de Santa Cruz Acalpixca, San Gregorio Atlapulco, San Luis Tlaxialtemalco, Santa Mar\u00eda Nativitas y algunas zonas del centro de Xochimilco, quienes conocen su comunidad e identifican sus propias necesidades.<\/p>\n\n\n\n<p><a href=\"https:\/\/xochimilcasdisidentes.org.mx\/wp-content\/uploads\/2020\/08\/Semillas-04web-1.jpg\"><\/a>En las caravanas culturales se realizaron din\u00e1micas de integraci\u00f3n con juegos y cantos que rescatan la riqueza cultural y tradici\u00f3n de los pueblos Xochimilcas, acciones de contenci\u00f3n emocional, laboratorio de ciencia, espacios de lectura y ludoteca, as\u00ed como juegos de actividad f\u00edsica.<\/p>\n\n\n\n<figure class=\"wp-block-image\"><a href=\"https:\/\/xochimilcasdisidentes.org.mx\/wp-content\/uploads\/2020\/08\/Semillas-05-web-1.jpg\"><img decoding=\"async\" width=\"1024\" height=\"787\" src=\"https:\/\/xochimilcasdisidentes.org.mx\/wp-content\/uploads\/2020\/08\/Semillas-05-web-1.jpg\" alt=\"\" class=\"wp-image-415\" srcset=\"https:\/\/xochimilcasdisidentes.org.mx\/wp-content\/uploads\/2020\/08\/Semillas-05-web-1.jpg 1024w, https:\/\/xochimilcasdisidentes.org.mx\/wp-content\/uploads\/2020\/08\/Semillas-05-web-1-300x231.jpg 300w, https:\/\/xochimilcasdisidentes.org.mx\/wp-content\/uploads\/2020\/08\/Semillas-05-web-1-768x590.jpg 768w\" sizes=\"(max-width: 1024px) 100vw, 1024px\" \/><\/a><\/figure>\n\n\n\n<p>A partir de nuestra experiencia en los pueblos decidimos transformar las caravanas culturales en un proyecto permanente para crear espacios para la convivencia, el juego y el aprendizaje. Realizaremos actividades culturales cada tres meses en los pueblos de Xochimilco para continuar fortaleci\u00e9ndonos como comunidad.<\/p>\n\n\n\n<p>Dicho esfuerzo implica a diversos colectivos y personas voluntarias, como: la Coordinaci\u00f3n de Pueblos, Barrios Originarios y Colonias de Xochimilco, Biosc\u00e9nica, Xochiquitines, \u00bfCri-Cre\u00e9s que pasa? Uni\u00f3n Comunitaria por el Pueblo de Tepepan, An Meztli, Mar\u00eda Valeria, Ana Gonzalez Perez, Vaj Rei, Ix Chel, Ana, Brenda, Kissy, Paula, Andrea, Mar\u00eda y Vicky\u2026.<\/p>\n\n\n\n<p>Para mayor informaci\u00f3n:&nbsp; <a href=\"https:\/\/www.facebook.com\/RCXochimilco\/\">https:\/\/www.facebook.com\/RCXochimilco\/<\/a><\/p>\n\n\n\n<figure class=\"wp-block-image size-full\"><a href=\"https:\/\/xochimilcasdisidentes.org.mx\/wp-content\/uploads\/2021\/07\/reconstrucci\u0301on.jpg\"><img decoding=\"async\" width=\"375\" height=\"375\" src=\"https:\/\/xochimilcasdisidentes.org.mx\/wp-content\/uploads\/2021\/07\/reconstrucci\u0301on.jpg\" alt=\"\" class=\"wp-image-506\" srcset=\"https:\/\/xochimilcasdisidentes.org.mx\/wp-content\/uploads\/2021\/07\/reconstrucci\u0301on.jpg 375w, https:\/\/xochimilcasdisidentes.org.mx\/wp-content\/uploads\/2021\/07\/reconstrucci\u0301on-300x300.jpg 300w, https:\/\/xochimilcasdisidentes.org.mx\/wp-content\/uploads\/2021\/07\/reconstrucci\u0301on-150x150.jpg 150w, https:\/\/xochimilcasdisidentes.org.mx\/wp-content\/uploads\/2021\/07\/reconstrucci\u0301on-100x100.jpg 100w\" sizes=\"(max-width: 375px) 100vw, 375px\" \/><\/a><\/figure>\n","protected":false},"excerpt":{"rendered":"<p>Tras el da\u00f1o ocasionado por el sismo del 19 de septiembre del 2017, un grupo de mujeres nos coordinamos para orientar el impulso de solidaridad hac\u00eda un trabajo articulado, colaborativo y de contenci\u00f3n a la poblaci\u00f3n infantil y juvenil de Xochimilco que lo necesitaba. Ang\u00e9lica S\u00e1nchez (psic\u00f3loga educativa), Ana G\u00f3mez (gestora-artista), Valeria Hern\u00e1ndez (psic\u00f3loga-comunitaria) y Minerva Hern\u00e1ndez (artista-curadora) conformamos un equipo de trabajo con 4 a\u00f1os de experiencia impulsando actividades inter y transdisciplinarias en Xochimilco para construir la autonom\u00eda de los pueblos y fortalecer la identidad de sus habitantes. Trabajamos directamente con las familias afectadas y apoyamos desde nuestros saberes particulares: la psicolog\u00eda, el arte, la ciencia, la educaci\u00f3n y el cuidado infantil. Articulamos las actividades culturales, de acopio, el apoyo con materiales o saber profesional para la construcci\u00f3n de viviendas temporales as\u00ed como el seguimiento legal y la atenci\u00f3n psicol\u00f3gica en los pueblos gracias a censos elaborados por vecin@s de Santa Cruz Acalpixca, San Gregorio Atlapulco, San Luis Tlaxialtemalco, Santa Mar\u00eda Nativitas y algunas zonas del centro de Xochimilco, quienes conocen su comunidad e identifican sus propias necesidades. En las caravanas culturales se realizaron din\u00e1micas de integraci\u00f3n con juegos y cantos que rescatan la riqueza cultural y tradici\u00f3n de los pueblos Xochimilcas, acciones de contenci\u00f3n emocional, laboratorio de ciencia, espacios de lectura y ludoteca, as\u00ed como juegos de actividad f\u00edsica. A partir de nuestra experiencia en los pueblos decidimos transformar las caravanas culturales en un proyecto permanente para crear espacios para la convivencia, el juego y el aprendizaje. Realizaremos actividades culturales cada tres meses en los pueblos de Xochimilco para continuar fortaleci\u00e9ndonos como comunidad. Dicho esfuerzo implica a diversos colectivos y personas voluntarias, como: la Coordinaci\u00f3n de Pueblos, Barrios Originarios y Colonias de Xochimilco, Biosc\u00e9nica, Xochiquitines, \u00bfCri-Cre\u00e9s que pasa? Uni\u00f3n Comunitaria por el Pueblo de Tepepan, An Meztli, Mar\u00eda Valeria, Ana Gonzalez Perez, Vaj Rei, Ix Chel, Ana, Brenda, Kissy, Paula, Andrea, Mar\u00eda y Vicky\u2026. Para mayor informaci\u00f3n:&nbsp; https:\/\/www.facebook.com\/RCXochimilco\/<\/p>\n","protected":false},"author":1,"featured_media":0,"parent":0,"menu_order":0,"comment_status":"closed","ping_status":"closed","template":"","meta":{"footnotes":""},"class_list":["post-1647","page","type-page","status-publish","hentry"],"_links":{"self":[{"href":"https:\/\/xochimilcasdisidentes.org.mx\/index.php?rest_route=\/wp\/v2\/pages\/1647","targetHints":{"allow":["GET"]}}],"collection":[{"href":"https:\/\/xochimilcasdisidentes.org.mx\/index.php?rest_route=\/wp\/v2\/pages"}],"about":[{"href":"https:\/\/xochimilcasdisidentes.org.mx\/index.php?rest_route=\/wp\/v2\/types\/page"}],"author":[{"embeddable":true,"href":"https:\/\/xochimilcasdisidentes.org.mx\/index.php?rest_route=\/wp\/v2\/users\/1"}],"replies":[{"embeddable":true,"href":"https:\/\/xochimilcasdisidentes.org.mx\/index.php?rest_route=%2Fwp%2Fv2%2Fcomments&post=1647"}],"version-history":[{"count":2,"href":"https:\/\/xochimilcasdisidentes.org.mx\/index.php?rest_route=\/wp\/v2\/pages\/1647\/revisions"}],"predecessor-version":[{"id":1653,"href":"https:\/\/xochimilcasdisidentes.org.mx\/index.php?rest_route=\/wp\/v2\/pages\/1647\/revisions\/1653"}],"wp:attachment":[{"href":"https:\/\/xochimilcasdisidentes.org.mx\/index.php?rest_route=%2Fwp%2Fv2%2Fmedia&parent=1647"}],"curies":[{"name":"wp","href":"https:\/\/api.w.org\/{rel}","templated":true}]}}