{"id":1110,"date":"2022-06-22T12:13:26","date_gmt":"2022-06-22T17:13:26","guid":{"rendered":"http:\/\/xochimilcasdisidentes.org.mx\/?page_id=1110"},"modified":"2024-10-22T12:15:03","modified_gmt":"2024-10-22T18:15:03","slug":"saberes-colectivos","status":"publish","type":"page","link":"https:\/\/xochimilcasdisidentes.org.mx\/?page_id=1110","title":{"rendered":"Ejes"},"content":{"rendered":"\t\t<div data-elementor-type=\"wp-page\" data-elementor-id=\"1110\" class=\"elementor elementor-1110\">\n\t\t\t\t\t\t<section class=\"elementor-section elementor-top-section elementor-element elementor-element-651d4baa elementor-section-boxed elementor-section-height-default elementor-section-height-default\" data-id=\"651d4baa\" data-element_type=\"section\" data-e-type=\"section\">\n\t\t\t\t\t\t<div class=\"elementor-container elementor-column-gap-default\">\n\t\t\t\t\t<div class=\"elementor-column elementor-col-100 elementor-top-column elementor-element elementor-element-3d3c2f26\" data-id=\"3d3c2f26\" data-element_type=\"column\" data-e-type=\"column\">\n\t\t\t<div class=\"elementor-widget-wrap elementor-element-populated\">\n\t\t\t\t\t\t<div class=\"elementor-element elementor-element-e027c09 elementor-widget elementor-widget-heading\" data-id=\"e027c09\" data-element_type=\"widget\" data-e-type=\"widget\" data-widget_type=\"heading.default\">\n\t\t\t\t<div class=\"elementor-widget-container\">\n\t\t\t\t\t<h2 class=\"elementor-heading-title elementor-size-default\">TEJIDO SOCIAL<\/h2>\t\t\t\t<\/div>\n\t\t\t\t<\/div>\n\t\t\t\t<div class=\"elementor-element elementor-element-574e8e14 elementor-widget elementor-widget-text-editor\" data-id=\"574e8e14\" data-element_type=\"widget\" data-e-type=\"widget\" data-widget_type=\"text-editor.default\">\n\t\t\t\t<div class=\"elementor-widget-container\">\n\t\t\t\t\t\t\t\t\t<p><\/p>\n<p><\/p>\n<p>Nos vemos a cada una de nosotras como un hilo y\u00a0 juntas como\u00a0 una madeja que crece al fortalecer los v\u00ednculos con nosotras mismas, con les otres y con la comunidad. Por ello identificamos los tejidos afectivos en las comunidades para expandirlos creativamente al compartir recursos personales, relacionales y sociales. Con el fin de construir espacios disfrutables, dignos, habitables y seguros.\u00a0<\/p>\n<ul>\n<li>C\u00edrculos de mujeres: <strong>Acompa\u00f1amiento<\/strong> en procesos socioafectivos y cuidados colectivos (Saberes, memoria, cuerpa, emociones, ciclos, autocuidado \/ a nivel personal,relacional y\u00a0 social)<\/li>\n<li>Psicolog\u00eda educativa comunitaria<\/li>\n<\/ul>\n<p><\/p>\n<p><\/p>\t\t\t\t\t\t\t\t<\/div>\n\t\t\t\t<\/div>\n\t\t\t\t<div class=\"elementor-element elementor-element-c3038e7 elementor-widget elementor-widget-heading\" data-id=\"c3038e7\" data-element_type=\"widget\" data-e-type=\"widget\" data-widget_type=\"heading.default\">\n\t\t\t\t<div class=\"elementor-widget-container\">\n\t\t\t\t\t<h2 class=\"elementor-heading-title elementor-size-default\">TIERRA<\/h2>\t\t\t\t<\/div>\n\t\t\t\t<\/div>\n\t\t\t\t<div class=\"elementor-element elementor-element-5f7523c elementor-widget elementor-widget-text-editor\" data-id=\"5f7523c\" data-element_type=\"widget\" data-e-type=\"widget\" data-widget_type=\"text-editor.default\">\n\t\t\t\t<div class=\"elementor-widget-container\">\n\t\t\t\t\t\t\t\t\t<p><\/p>\n<p><\/p>\n<p><\/p>\n<ul class=\"wp-block-list\">\n<li>Resonancias por la defensa del territorio (fortalecimiento de las organizaciones a partir de diversos saberes)<\/li>\n<li>Telar de colaboraciones con redes y organizaciones de mujeres y\/o comunitarias<\/li>\n<li>Reforestaci\u00f3n comunitaria<\/li>\n<li>Pr\u00e1cticas Rituales para el cuidado de la vida<\/li>\n<\/ul>\n<p><\/p>\n<p><\/p>\n<p><\/p>\n<p><\/p>\t\t\t\t\t\t\t\t<\/div>\n\t\t\t\t<\/div>\n\t\t\t\t\t<\/div>\n\t\t<\/div>\n\t\t\t\t\t<\/div>\n\t\t<\/section>\n\t\t<\/p>\t\t\t\t\t\t\t\t<\/div>\n\t\t\t\t<\/div>\n\t\t\t\t<div class=\"elementor-element elementor-element-d1f5323 elementor-widget elementor-widget-heading\" data-id=\"d1f5323\" data-element_type=\"widget\" data-e-type=\"widget\" data-widget_type=\"heading.default\">\n\t\t\t\t<div class=\"elementor-widget-container\">\n\t\t\t\t\t<h2 class=\"elementor-heading-title elementor-size-default\">SABERES<\/h2>\t\t\t\t<\/div>\n\t\t\t\t<\/div>\n\t\t\t\t<div class=\"elementor-element elementor-element-6feeb32 elementor-widget__width-initial elementor-widget elementor-widget-text-editor\" data-id=\"6feeb32\" data-element_type=\"widget\" data-e-type=\"widget\" data-widget_type=\"text-editor.default\">\n\t\t\t\t<div class=\"elementor-widget-container\">\n\t\t\t\t\t\t\t\t\t<p><\/p>\n<p><\/p>\n<p>Creemos que cada persona resguarda experiencias, modos de hacer y saberes particulares que podemos compartir, colectivizar y polinizar para entender el mundo que habitamos con una visi\u00f3n m\u00e1s amplia y cr\u00edtica. Por ello abrimos espacios para intercambiarlos, multiplicando as\u00ed las formas de abordar problem\u00e1ticas y enriquecer\u00a0 nuestra cotidianidad, donde todos los saberes caben para abonar el buen vivir.<\/p>\n<ul class=\"wp-block-list\">\n<li><strong>Mercadita Tlalmanalli:<\/strong> Encuentro Cultural, Intercambio<strong> de saberes<\/strong> colectivos y econom\u00eda solidaria en comunidad<\/li>\n<li><strong>Caravanas Disidentas<\/strong>: Iniciativas creativas para la organizaci\u00f3n comunitaria<\/li>\n<li><strong>Trueque de saberes<\/strong>: Arte, ciencia y tecnolog\u00eda como herramienta de trabajo para la lucha social<\/li>\n<\/ul>\n<p><strong>(Autocuidado:<\/strong> de la cuerpa por medio de los saberes ancestrales, el conocimiento de las plantas medicinales de la regi\u00f3n y la salud integral. Saberes ancestrales (tequio, temazcal, trueque&#8230;) Nutrici\u00f3n a consciencia &#8211; Autonom\u00eda alimentaria)<\/p>\n<p><\/p>\n<p><\/p>\n<p><\/p>\n<p><\/p>\n<p><\/p>\n<p><\/p>\n<p><!-- wp:list --><\/p>\t\t\t\t\t\t\t\t<\/div>\n\t\t\t\t<\/div>\n\t\t\t\t<div class=\"elementor-element elementor-element-c3038e7 elementor-widget elementor-widget-heading\" data-id=\"c3038e7\" data-element_type=\"widget\" data-e-type=\"widget\" data-widget_type=\"heading.default\">\n\t\t\t\t<div class=\"elementor-widget-container\">\n\t\t\t\t\t<h2 class=\"elementor-heading-title elementor-size-default\">TIERRA<\/h2>\t\t\t\t<\/div>\n\t\t\t\t<\/div>\n\t\t\t\t<div class=\"elementor-element elementor-element-5f7523c elementor-widget elementor-widget-text-editor\" data-id=\"5f7523c\" data-element_type=\"widget\" data-e-type=\"widget\" data-widget_type=\"text-editor.default\">\n\t\t\t\t<div class=\"elementor-widget-container\">\n\t\t\t\t\t\t\t\t\t<p><!-- wp:paragraph --><!-- \/wp:paragraph --><!-- wp:paragraph --><\/p>\n<p><!-- \/wp:paragraph --><!-- wp:paragraph --><\/p>\n<p><!-- \/wp:paragraph --><!-- wp:list --><\/p>\n<ul>\n<li>Resonancias por la defensa del territorio (fortalecimiento de las organizaciones a partir de diversos saberes)<\/li>\n<li>Telar de colaboraciones con redes y organizaciones de mujeres y\/o comunitarias<\/li>\n<li>Reforestaci\u00f3n comunitaria<\/li>\n<li>Pr\u00e1cticas Rituales para el cuidado de la vida<\/li>\n<\/ul>\n<p><!-- \/wp:list --><!-- wp:paragraph --><\/p>\n<p><!-- \/wp:list --><!-- wp:paragraph --><\/p>\n<p><!-- \/wp:list --><!-- wp:paragraph --><\/p>\n<p><!-- \/wp:paragraph --><\/p>\t\t\t\t\t\t\t\t<\/div>\n\t\t\t\t<\/div>\n\t\t\t\t\t<\/div>\n\t\t<\/div>\n\t\t\t\t\t<\/div>\n\t\t<\/section>\n\t\t\t\t<\/div>\n\t\t","protected":false},"excerpt":{"rendered":"<p>TEJIDO SOCIAL Nos vemos a cada una de nosotras como un hilo y\u00a0 juntas como\u00a0 una madeja que crece al fortalecer los v\u00ednculos con nosotras mismas, con les otres y con la comunidad. Por ello identificamos los tejidos afectivos en las comunidades para expandirlos creativamente al compartir recursos personales, relacionales y sociales. Con el fin de construir espacios disfrutables, dignos, habitables y seguros.\u00a0 C\u00edrculos de mujeres: Acompa\u00f1amiento en procesos socioafectivos y cuidados colectivos (Saberes, memoria, cuerpa, emociones, ciclos, autocuidado \/ a nivel personal,relacional y\u00a0 social) Psicolog\u00eda educativa comunitaria TIERRA Resonancias por la defensa del territorio (fortalecimiento de las organizaciones a partir de diversos saberes) Telar de colaboraciones con redes y organizaciones de mujeres y\/o comunitarias Reforestaci\u00f3n comunitaria Pr\u00e1cticas Rituales para el cuidado de la vida SABERES Creemos que cada persona resguarda experiencias, modos de hacer y saberes particulares que podemos compartir, colectivizar y polinizar para entender el mundo que habitamos con una visi\u00f3n m\u00e1s amplia y cr\u00edtica. Por ello abrimos espacios para intercambiarlos, multiplicando as\u00ed las formas de abordar problem\u00e1ticas y enriquecer\u00a0 nuestra cotidianidad, donde todos los saberes caben para abonar el buen vivir. Mercadita Tlalmanalli: Encuentro Cultural, Intercambio de saberes colectivos y econom\u00eda solidaria en comunidad Caravanas Disidentas: Iniciativas creativas para la organizaci\u00f3n comunitaria Trueque de saberes: Arte, ciencia y tecnolog\u00eda como herramienta de trabajo para la lucha social (Autocuidado: de la cuerpa por medio de los saberes ancestrales, el conocimiento de las plantas medicinales de la regi\u00f3n y la salud integral. Saberes ancestrales (tequio, temazcal, trueque&#8230;) Nutrici\u00f3n a consciencia &#8211; Autonom\u00eda alimentaria) TIERRA Resonancias por la defensa del territorio (fortalecimiento de las organizaciones a partir de diversos saberes) Telar de colaboraciones con redes y organizaciones de mujeres y\/o comunitarias Reforestaci\u00f3n comunitaria Pr\u00e1cticas Rituales para el cuidado de la vida<\/p>\n","protected":false},"author":1,"featured_media":1916,"parent":0,"menu_order":0,"comment_status":"closed","ping_status":"closed","template":"","meta":{"footnotes":""},"class_list":["post-1110","page","type-page","status-publish","has-post-thumbnail","hentry"],"_links":{"self":[{"href":"https:\/\/xochimilcasdisidentes.org.mx\/index.php?rest_route=\/wp\/v2\/pages\/1110","targetHints":{"allow":["GET"]}}],"collection":[{"href":"https:\/\/xochimilcasdisidentes.org.mx\/index.php?rest_route=\/wp\/v2\/pages"}],"about":[{"href":"https:\/\/xochimilcasdisidentes.org.mx\/index.php?rest_route=\/wp\/v2\/types\/page"}],"author":[{"embeddable":true,"href":"https:\/\/xochimilcasdisidentes.org.mx\/index.php?rest_route=\/wp\/v2\/users\/1"}],"replies":[{"embeddable":true,"href":"https:\/\/xochimilcasdisidentes.org.mx\/index.php?rest_route=%2Fwp%2Fv2%2Fcomments&post=1110"}],"version-history":[{"count":97,"href":"https:\/\/xochimilcasdisidentes.org.mx\/index.php?rest_route=\/wp\/v2\/pages\/1110\/revisions"}],"predecessor-version":[{"id":1923,"href":"https:\/\/xochimilcasdisidentes.org.mx\/index.php?rest_route=\/wp\/v2\/pages\/1110\/revisions\/1923"}],"wp:featuredmedia":[{"embeddable":true,"href":"https:\/\/xochimilcasdisidentes.org.mx\/index.php?rest_route=\/wp\/v2\/media\/1916"}],"wp:attachment":[{"href":"https:\/\/xochimilcasdisidentes.org.mx\/index.php?rest_route=%2Fwp%2Fv2%2Fmedia&parent=1110"}],"curies":[{"name":"wp","href":"https:\/\/api.w.org\/{rel}","templated":true}]}}